{"id":1300,"date":"2023-08-03T08:48:21","date_gmt":"2023-08-03T08:48:21","guid":{"rendered":"https:\/\/filmab.sachsen.schule\/2023\/?page_id=1300"},"modified":"2023-11-03T09:49:20","modified_gmt":"2023-11-03T09:49:20","slug":"jury-team","status":"publish","type":"page","link":"https:\/\/filmab.sachsen.schule\/2023\/jury-team\/","title":{"rendered":"Jury"},"content":{"rendered":"\t\t<div data-elementor-type=\"wp-page\" data-elementor-id=\"1300\" class=\"elementor elementor-1300\" data-elementor-post-type=\"page\">\n\t\t\t\t\t\t<section class=\"elementor-section elementor-top-section elementor-element elementor-element-a21448e elementor-section-height-min-height elementor-section-boxed elementor-section-height-default elementor-section-items-middle\" data-id=\"a21448e\" data-element_type=\"section\" data-e-type=\"section\">\n\t\t\t\t\t\t<div class=\"elementor-container elementor-column-gap-default\">\n\t\t\t\t\t<div class=\"elementor-column elementor-col-100 elementor-top-column elementor-element elementor-element-b0f8ac5\" data-id=\"b0f8ac5\" data-element_type=\"column\" data-e-type=\"column\">\n\t\t\t<div class=\"elementor-widget-wrap elementor-element-populated\">\n\t\t\t\t\t\t<div class=\"elementor-element elementor-element-4c80197 elementor-headline--style-highlight elementor-widget elementor-widget-animated-headline\" data-id=\"4c80197\" data-element_type=\"widget\" data-e-type=\"widget\" data-settings=\"{&quot;marker&quot;:&quot;underline&quot;,&quot;highlighted_text&quot;:&quot;Jury&quot;,&quot;headline_style&quot;:&quot;highlight&quot;,&quot;loop&quot;:&quot;yes&quot;,&quot;highlight_animation_duration&quot;:1200,&quot;highlight_iteration_delay&quot;:8000}\" data-widget_type=\"animated-headline.default\">\n\t\t\t\t<div class=\"elementor-widget-container\">\n\t\t\t\t\t\t\t<h3 class=\"elementor-headline\">\n\t\t\t\t\t<span class=\"elementor-headline-plain-text elementor-headline-text-wrapper\">Die film ab!<\/span>\n\t\t\t\t<span class=\"elementor-headline-dynamic-wrapper elementor-headline-text-wrapper\">\n\t\t\t\t\t<span class=\"elementor-headline-dynamic-text elementor-headline-text-active\">Jury<\/span>\n\t\t\t\t<\/span>\n\t\t\t\t\t<span class=\"elementor-headline-plain-text elementor-headline-text-wrapper\">2023<\/span>\n\t\t\t\t\t<\/h3>\n\t\t\t\t\t\t<\/div>\n\t\t\t\t<\/div>\n\t\t\t\t\t<\/div>\n\t\t<\/div>\n\t\t\t\t\t<\/div>\n\t\t<\/section>\n\t\t\t\t<section class=\"elementor-section elementor-top-section elementor-element elementor-element-1801388 elementor-section-boxed elementor-section-height-default elementor-section-height-default\" data-id=\"1801388\" data-element_type=\"section\" data-e-type=\"section\" data-settings=\"{&quot;background_background&quot;:&quot;classic&quot;}\">\n\t\t\t\t\t\t<div class=\"elementor-container elementor-column-gap-default\">\n\t\t\t\t\t<div class=\"elementor-column elementor-col-100 elementor-top-column elementor-element elementor-element-0599abf\" data-id=\"0599abf\" data-element_type=\"column\" data-e-type=\"column\">\n\t\t\t<div class=\"elementor-widget-wrap elementor-element-populated\">\n\t\t\t\t\t\t<section class=\"elementor-section elementor-inner-section elementor-element elementor-element-b09a362 elementor-section-boxed elementor-section-height-default elementor-section-height-default\" data-id=\"b09a362\" data-element_type=\"section\" data-e-type=\"section\">\n\t\t\t\t\t\t<div class=\"elementor-container elementor-column-gap-default\">\n\t\t\t\t\t<div class=\"elementor-column elementor-col-33 elementor-inner-column elementor-element elementor-element-10958db\" data-id=\"10958db\" data-element_type=\"column\" data-e-type=\"column\">\n\t\t\t<div class=\"elementor-widget-wrap elementor-element-populated\">\n\t\t\t\t\t\t<div class=\"elementor-element elementor-element-82b3ee9 elementor-position-top elementor-widget elementor-widget-image-box\" data-id=\"82b3ee9\" data-element_type=\"widget\" data-e-type=\"widget\" data-widget_type=\"image-box.default\">\n\t\t\t\t<div class=\"elementor-widget-container\">\n\t\t\t\t\t<div class=\"elementor-image-box-wrapper\"><figure class=\"elementor-image-box-img\"><img fetchpriority=\"high\" decoding=\"async\" width=\"800\" height=\"800\" src=\"https:\/\/filmab.sachsen.schule\/2023\/wp-content\/uploads\/2023\/10\/Christine-Dallmann.png\" class=\"elementor-animation-grow attachment-large size-large wp-image-1922\" alt=\"\" srcset=\"https:\/\/filmab.sachsen.schule\/2023\/wp-content\/uploads\/2023\/10\/Christine-Dallmann.png 1000w, https:\/\/filmab.sachsen.schule\/2023\/wp-content\/uploads\/2023\/10\/Christine-Dallmann-300x300.png 300w, https:\/\/filmab.sachsen.schule\/2023\/wp-content\/uploads\/2023\/10\/Christine-Dallmann-150x150.png 150w, https:\/\/filmab.sachsen.schule\/2023\/wp-content\/uploads\/2023\/10\/Christine-Dallmann-768x768.png 768w\" sizes=\"(max-width: 800px) 100vw, 800px\" \/><\/figure><div class=\"elementor-image-box-content\"><h3 class=\"elementor-image-box-title\">Dr. Christine Dallmann<\/h3><p class=\"elementor-image-box-description\">Referentin im S\u00e4chsischen Staatsministerium f\u00fcr Kultus<\/p><\/div><\/div>\t\t\t\t<\/div>\n\t\t\t\t<\/div>\n\t\t\t\t\t<\/div>\n\t\t<\/div>\n\t\t\t\t<div class=\"elementor-column elementor-col-33 elementor-inner-column elementor-element elementor-element-5dc0eb2\" data-id=\"5dc0eb2\" data-element_type=\"column\" data-e-type=\"column\">\n\t\t\t<div class=\"elementor-widget-wrap elementor-element-populated\">\n\t\t\t\t\t\t<div class=\"elementor-element elementor-element-999af8d elementor-position-top elementor-widget elementor-widget-image-box\" data-id=\"999af8d\" data-element_type=\"widget\" data-e-type=\"widget\" data-widget_type=\"image-box.default\">\n\t\t\t\t<div class=\"elementor-widget-container\">\n\t\t\t\t\t<div class=\"elementor-image-box-wrapper\"><figure class=\"elementor-image-box-img\"><img decoding=\"async\" width=\"1000\" height=\"1000\" src=\"https:\/\/filmab.sachsen.schule\/2023\/wp-content\/uploads\/2023\/10\/Laura-stellbrink.png\" class=\"elementor-animation-grow attachment-full size-full wp-image-1925\" alt=\"\" srcset=\"https:\/\/filmab.sachsen.schule\/2023\/wp-content\/uploads\/2023\/10\/Laura-stellbrink.png 1000w, https:\/\/filmab.sachsen.schule\/2023\/wp-content\/uploads\/2023\/10\/Laura-stellbrink-300x300.png 300w, https:\/\/filmab.sachsen.schule\/2023\/wp-content\/uploads\/2023\/10\/Laura-stellbrink-150x150.png 150w, https:\/\/filmab.sachsen.schule\/2023\/wp-content\/uploads\/2023\/10\/Laura-stellbrink-768x768.png 768w\" sizes=\"(max-width: 1000px) 100vw, 1000px\" \/><\/figure><div class=\"elementor-image-box-content\"><h3 class=\"elementor-image-box-title\">Laura Stellbrink<\/h3><p class=\"elementor-image-box-description\">Mitglied der Versammlung der SLM<\/p><\/div><\/div>\t\t\t\t<\/div>\n\t\t\t\t<\/div>\n\t\t\t\t\t<\/div>\n\t\t<\/div>\n\t\t\t\t<div class=\"elementor-column elementor-col-33 elementor-inner-column elementor-element elementor-element-14be723\" data-id=\"14be723\" data-element_type=\"column\" data-e-type=\"column\">\n\t\t\t<div class=\"elementor-widget-wrap elementor-element-populated\">\n\t\t\t\t\t\t<div class=\"elementor-element elementor-element-530c347 elementor-position-top elementor-widget elementor-widget-image-box\" data-id=\"530c347\" data-element_type=\"widget\" data-e-type=\"widget\" data-widget_type=\"image-box.default\">\n\t\t\t\t<div class=\"elementor-widget-container\">\n\t\t\t\t\t<div class=\"elementor-image-box-wrapper\"><figure class=\"elementor-image-box-img\"><img decoding=\"async\" width=\"1000\" height=\"1000\" src=\"https:\/\/filmab.sachsen.schule\/2023\/wp-content\/uploads\/2023\/10\/Claudia-Bodenschatz.png\" class=\"elementor-animation-grow attachment-full size-full wp-image-1923\" alt=\"\" srcset=\"https:\/\/filmab.sachsen.schule\/2023\/wp-content\/uploads\/2023\/10\/Claudia-Bodenschatz.png 1000w, https:\/\/filmab.sachsen.schule\/2023\/wp-content\/uploads\/2023\/10\/Claudia-Bodenschatz-300x300.png 300w, https:\/\/filmab.sachsen.schule\/2023\/wp-content\/uploads\/2023\/10\/Claudia-Bodenschatz-150x150.png 150w, https:\/\/filmab.sachsen.schule\/2023\/wp-content\/uploads\/2023\/10\/Claudia-Bodenschatz-768x768.png 768w\" sizes=\"(max-width: 1000px) 100vw, 1000px\" \/><\/figure><div class=\"elementor-image-box-content\"><h3 class=\"elementor-image-box-title\">Claudia Bodenschatz<\/h3><p class=\"elementor-image-box-description\">Journalistin und Podcast-Host bei der Freien Presse<\/p><\/div><\/div>\t\t\t\t<\/div>\n\t\t\t\t<\/div>\n\t\t\t\t\t<\/div>\n\t\t<\/div>\n\t\t\t\t\t<\/div>\n\t\t<\/section>\n\t\t\t\t<section class=\"elementor-section elementor-inner-section elementor-element elementor-element-47f9e77 elementor-section-boxed elementor-section-height-default elementor-section-height-default\" data-id=\"47f9e77\" data-element_type=\"section\" data-e-type=\"section\">\n\t\t\t\t\t\t<div class=\"elementor-container elementor-column-gap-default\">\n\t\t\t\t\t<div class=\"elementor-column elementor-col-25 elementor-inner-column elementor-element elementor-element-ece9916 elementor-hidden-tablet elementor-hidden-mobile\" data-id=\"ece9916\" data-element_type=\"column\" data-e-type=\"column\">\n\t\t\t<div class=\"elementor-widget-wrap\">\n\t\t\t\t\t\t\t<\/div>\n\t\t<\/div>\n\t\t\t\t<div class=\"elementor-column elementor-col-25 elementor-inner-column elementor-element elementor-element-59bf37a\" data-id=\"59bf37a\" data-element_type=\"column\" data-e-type=\"column\">\n\t\t\t<div class=\"elementor-widget-wrap elementor-element-populated\">\n\t\t\t\t\t\t<div class=\"elementor-element elementor-element-d7d5d61 elementor-position-top elementor-widget elementor-widget-image-box\" data-id=\"d7d5d61\" data-element_type=\"widget\" data-e-type=\"widget\" data-widget_type=\"image-box.default\">\n\t\t\t\t<div class=\"elementor-widget-container\">\n\t\t\t\t\t<div class=\"elementor-image-box-wrapper\"><figure class=\"elementor-image-box-img\"><img loading=\"lazy\" decoding=\"async\" width=\"1000\" height=\"1000\" src=\"https:\/\/filmab.sachsen.schule\/2023\/wp-content\/uploads\/2023\/10\/Kevin-Meinel.png\" class=\"elementor-animation-grow attachment-full size-full wp-image-1924\" alt=\"\" srcset=\"https:\/\/filmab.sachsen.schule\/2023\/wp-content\/uploads\/2023\/10\/Kevin-Meinel.png 1000w, https:\/\/filmab.sachsen.schule\/2023\/wp-content\/uploads\/2023\/10\/Kevin-Meinel-300x300.png 300w, https:\/\/filmab.sachsen.schule\/2023\/wp-content\/uploads\/2023\/10\/Kevin-Meinel-150x150.png 150w, https:\/\/filmab.sachsen.schule\/2023\/wp-content\/uploads\/2023\/10\/Kevin-Meinel-768x768.png 768w\" sizes=\"(max-width: 1000px) 100vw, 1000px\" \/><\/figure><div class=\"elementor-image-box-content\"><h3 class=\"elementor-image-box-title\">Kevin Meinel<\/h3><p class=\"elementor-image-box-description\">Medienp\u00e4dagoge<\/p><\/div><\/div>\t\t\t\t<\/div>\n\t\t\t\t<\/div>\n\t\t\t\t\t<\/div>\n\t\t<\/div>\n\t\t\t\t<div class=\"elementor-column elementor-col-25 elementor-inner-column elementor-element elementor-element-dfcce1c\" data-id=\"dfcce1c\" data-element_type=\"column\" data-e-type=\"column\">\n\t\t\t<div class=\"elementor-widget-wrap elementor-element-populated\">\n\t\t\t\t\t\t<div class=\"elementor-element elementor-element-59fa700 elementor-position-top elementor-widget elementor-widget-image-box\" data-id=\"59fa700\" data-element_type=\"widget\" data-e-type=\"widget\" data-widget_type=\"image-box.default\">\n\t\t\t\t<div class=\"elementor-widget-container\">\n\t\t\t\t\t<div class=\"elementor-image-box-wrapper\"><figure class=\"elementor-image-box-img\"><img loading=\"lazy\" decoding=\"async\" width=\"1000\" height=\"1000\" src=\"https:\/\/filmab.sachsen.schule\/2023\/wp-content\/uploads\/2023\/10\/Thomas-Beckmann.png\" class=\"elementor-animation-grow attachment-full size-full wp-image-1926\" alt=\"\" srcset=\"https:\/\/filmab.sachsen.schule\/2023\/wp-content\/uploads\/2023\/10\/Thomas-Beckmann.png 1000w, https:\/\/filmab.sachsen.schule\/2023\/wp-content\/uploads\/2023\/10\/Thomas-Beckmann-300x300.png 300w, https:\/\/filmab.sachsen.schule\/2023\/wp-content\/uploads\/2023\/10\/Thomas-Beckmann-150x150.png 150w, https:\/\/filmab.sachsen.schule\/2023\/wp-content\/uploads\/2023\/10\/Thomas-Beckmann-768x768.png 768w\" sizes=\"(max-width: 1000px) 100vw, 1000px\" \/><\/figure><div class=\"elementor-image-box-content\"><h3 class=\"elementor-image-box-title\">Thomas Beckmann<\/h3><p class=\"elementor-image-box-description\">Kameramann &amp; Filmemacher<\/p><\/div><\/div>\t\t\t\t<\/div>\n\t\t\t\t<\/div>\n\t\t\t\t\t<\/div>\n\t\t<\/div>\n\t\t\t\t<div class=\"elementor-column elementor-col-25 elementor-inner-column elementor-element elementor-element-1767819 elementor-hidden-tablet elementor-hidden-mobile\" data-id=\"1767819\" data-element_type=\"column\" data-e-type=\"column\">\n\t\t\t<div class=\"elementor-widget-wrap\">\n\t\t\t\t\t\t\t<\/div>\n\t\t<\/div>\n\t\t\t\t\t<\/div>\n\t\t<\/section>\n\t\t\t\t\t<\/div>\n\t\t<\/div>\n\t\t\t\t\t<\/div>\n\t\t<\/section>\n\t\t\t\t<section class=\"elementor-section elementor-top-section elementor-element elementor-element-9d38b4e elementor-section-boxed elementor-section-height-default elementor-section-height-default\" data-id=\"9d38b4e\" data-element_type=\"section\" data-e-type=\"section\" data-settings=\"{&quot;background_background&quot;:&quot;classic&quot;}\">\n\t\t\t\t\t\t<div class=\"elementor-container elementor-column-gap-default\">\n\t\t\t\t\t<div class=\"elementor-column elementor-col-100 elementor-top-column elementor-element elementor-element-5fffaed\" data-id=\"5fffaed\" data-element_type=\"column\" data-e-type=\"column\">\n\t\t\t<div class=\"elementor-widget-wrap elementor-element-populated\">\n\t\t\t\t\t\t<div class=\"elementor-element elementor-element-4bf8810 elementor-invisible elementor-widget elementor-widget-heading\" data-id=\"4bf8810\" data-element_type=\"widget\" data-e-type=\"widget\" data-settings=\"{&quot;_animation&quot;:&quot;fadeInUp&quot;}\" data-widget_type=\"heading.default\">\n\t\t\t\t<div class=\"elementor-widget-container\">\n\t\t\t\t\t<h2 class=\"elementor-heading-title elementor-size-default\">Jugend-Jury<\/h2>\t\t\t\t<\/div>\n\t\t\t\t<\/div>\n\t\t\t\t<div class=\"elementor-element elementor-element-26e58ad elementor-invisible elementor-widget elementor-widget-heading\" data-id=\"26e58ad\" data-element_type=\"widget\" data-e-type=\"widget\" data-settings=\"{&quot;_animation&quot;:&quot;fadeInUp&quot;}\" data-widget_type=\"heading.default\">\n\t\t\t\t<div class=\"elementor-widget-container\">\n\t\t\t\t\t<h2 class=\"elementor-heading-title elementor-size-default\">Emma, Nele, Cinna, Isabelle &amp; Manu<\/h2>\t\t\t\t<\/div>\n\t\t\t\t<\/div>\n\t\t\t\t\t<\/div>\n\t\t<\/div>\n\t\t\t\t\t<\/div>\n\t\t<\/section>\n\t\t\t\t<\/div>\n\t\t","protected":false},"excerpt":{"rendered":"<p>Die film ab! Jury 2023 Dr. Christine Dallmann Referentin im S\u00e4chsischen Staatsministerium f\u00fcr Kultus Laura Stellbrink Mitglied der Versammlung der SLM Claudia Bodenschatz Journalistin und Podcast-Host bei der Freien Presse Kevin Meinel Medienp\u00e4dagoge Thomas Beckmann Kameramann &#038; Filmemacher Jugend-Jury Emma, Nele, Cinna, Isabelle &#038; Manu<\/p>\n","protected":false},"author":6,"featured_media":0,"parent":0,"menu_order":0,"comment_status":"closed","ping_status":"closed","template":"","meta":{"footnotes":""},"class_list":["post-1300","page","type-page","status-publish","hentry"],"yoast_head":"<!-- This site is optimized with the Yoast SEO plugin v27.5 - https:\/\/yoast.com\/product\/yoast-seo-wordpress\/ -->\n<title>Jury - film ab!<\/title>\n<meta name=\"robots\" content=\"index, follow, max-snippet:-1, max-image-preview:large, max-video-preview:-1\" \/>\n<link rel=\"canonical\" href=\"https:\/\/filmab.sachsen.schule\/2023\/jury-team\/\" \/>\n<meta property=\"og:locale\" content=\"de_DE\" \/>\n<meta property=\"og:type\" content=\"article\" \/>\n<meta property=\"og:title\" content=\"Jury - film ab!\" \/>\n<meta property=\"og:description\" content=\"Die film ab! Jury 2023 Dr. Christine Dallmann Referentin im S\u00e4chsischen Staatsministerium f\u00fcr Kultus Laura Stellbrink Mitglied der Versammlung der SLM Claudia Bodenschatz Journalistin und Podcast-Host bei der Freien Presse Kevin Meinel Medienp\u00e4dagoge Thomas Beckmann Kameramann &#038; Filmemacher Jugend-Jury Emma, Nele, Cinna, Isabelle &#038; Manu\" \/>\n<meta property=\"og:url\" content=\"https:\/\/filmab.sachsen.schule\/2023\/jury-team\/\" \/>\n<meta property=\"og:site_name\" content=\"film ab!\" \/>\n<meta property=\"article:modified_time\" content=\"2023-11-03T09:49:20+00:00\" \/>\n<meta property=\"og:image\" content=\"https:\/\/filmab.sachsen.schule\/2023\/wp-content\/uploads\/2023\/10\/Christine-Dallmann.png\" \/>\n<meta name=\"twitter:card\" content=\"summary_large_image\" \/>\n<meta name=\"twitter:label1\" content=\"Gesch\u00e4tzte Lesezeit\" \/>\n\t<meta name=\"twitter:data1\" content=\"2\u00a0Minuten\" \/>\n<script type=\"application\/ld+json\" class=\"yoast-schema-graph\">{\"@context\":\"https:\\\/\\\/schema.org\",\"@graph\":[{\"@type\":\"WebPage\",\"@id\":\"https:\\\/\\\/filmab.sachsen.schule\\\/2023\\\/jury-team\\\/\",\"url\":\"https:\\\/\\\/filmab.sachsen.schule\\\/2023\\\/jury-team\\\/\",\"name\":\"Jury - film ab!\",\"isPartOf\":{\"@id\":\"https:\\\/\\\/filmab.sachsen.schule\\\/2023\\\/#website\"},\"primaryImageOfPage\":{\"@id\":\"https:\\\/\\\/filmab.sachsen.schule\\\/2023\\\/jury-team\\\/#primaryimage\"},\"image\":{\"@id\":\"https:\\\/\\\/filmab.sachsen.schule\\\/2023\\\/jury-team\\\/#primaryimage\"},\"thumbnailUrl\":\"https:\\\/\\\/filmab.sachsen.schule\\\/2023\\\/wp-content\\\/uploads\\\/2023\\\/10\\\/Christine-Dallmann.png\",\"datePublished\":\"2023-08-03T08:48:21+00:00\",\"dateModified\":\"2023-11-03T09:49:20+00:00\",\"breadcrumb\":{\"@id\":\"https:\\\/\\\/filmab.sachsen.schule\\\/2023\\\/jury-team\\\/#breadcrumb\"},\"inLanguage\":\"de\",\"potentialAction\":[{\"@type\":\"ReadAction\",\"target\":[\"https:\\\/\\\/filmab.sachsen.schule\\\/2023\\\/jury-team\\\/\"]}]},{\"@type\":\"ImageObject\",\"inLanguage\":\"de\",\"@id\":\"https:\\\/\\\/filmab.sachsen.schule\\\/2023\\\/jury-team\\\/#primaryimage\",\"url\":\"https:\\\/\\\/filmab.sachsen.schule\\\/2023\\\/wp-content\\\/uploads\\\/2023\\\/10\\\/Christine-Dallmann.png\",\"contentUrl\":\"https:\\\/\\\/filmab.sachsen.schule\\\/2023\\\/wp-content\\\/uploads\\\/2023\\\/10\\\/Christine-Dallmann.png\",\"width\":1000,\"height\":1000},{\"@type\":\"BreadcrumbList\",\"@id\":\"https:\\\/\\\/filmab.sachsen.schule\\\/2023\\\/jury-team\\\/#breadcrumb\",\"itemListElement\":[{\"@type\":\"ListItem\",\"position\":1,\"name\":\"Startseite\",\"item\":\"https:\\\/\\\/filmab.sachsen.schule\\\/2023\\\/\"},{\"@type\":\"ListItem\",\"position\":2,\"name\":\"Jury\"}]},{\"@type\":\"WebSite\",\"@id\":\"https:\\\/\\\/filmab.sachsen.schule\\\/2023\\\/#website\",\"url\":\"https:\\\/\\\/filmab.sachsen.schule\\\/2023\\\/\",\"name\":\"film ab!\",\"description\":\"S\u00e4chsisches Festival f\u00fcr Filme von Sch\u00fclerinnen und Sch\u00fcler\",\"publisher\":{\"@id\":\"https:\\\/\\\/filmab.sachsen.schule\\\/2023\\\/#organization\"},\"potentialAction\":[{\"@type\":\"SearchAction\",\"target\":{\"@type\":\"EntryPoint\",\"urlTemplate\":\"https:\\\/\\\/filmab.sachsen.schule\\\/2023\\\/?s={search_term_string}\"},\"query-input\":{\"@type\":\"PropertyValueSpecification\",\"valueRequired\":true,\"valueName\":\"search_term_string\"}}],\"inLanguage\":\"de\"},{\"@type\":\"Organization\",\"@id\":\"https:\\\/\\\/filmab.sachsen.schule\\\/2023\\\/#organization\",\"name\":\"film ab!\",\"url\":\"https:\\\/\\\/filmab.sachsen.schule\\\/2023\\\/\",\"logo\":{\"@type\":\"ImageObject\",\"inLanguage\":\"de\",\"@id\":\"https:\\\/\\\/filmab.sachsen.schule\\\/2023\\\/#\\\/schema\\\/logo\\\/image\\\/\",\"url\":\"https:\\\/\\\/filmab.sachsen.schule\\\/2023\\\/wp-content\\\/uploads\\\/2022\\\/09\\\/film_ab_logo_22.png\",\"contentUrl\":\"https:\\\/\\\/filmab.sachsen.schule\\\/2023\\\/wp-content\\\/uploads\\\/2022\\\/09\\\/film_ab_logo_22.png\",\"width\":3000,\"height\":840,\"caption\":\"film ab!\"},\"image\":{\"@id\":\"https:\\\/\\\/filmab.sachsen.schule\\\/2023\\\/#\\\/schema\\\/logo\\\/image\\\/\"}}]}<\/script>\n<!-- \/ Yoast SEO plugin. -->","yoast_head_json":{"title":"Jury - film ab!","robots":{"index":"index","follow":"follow","max-snippet":"max-snippet:-1","max-image-preview":"max-image-preview:large","max-video-preview":"max-video-preview:-1"},"canonical":"https:\/\/filmab.sachsen.schule\/2023\/jury-team\/","og_locale":"de_DE","og_type":"article","og_title":"Jury - film ab!","og_description":"Die film ab! Jury 2023 Dr. Christine Dallmann Referentin im S\u00e4chsischen Staatsministerium f\u00fcr Kultus Laura Stellbrink Mitglied der Versammlung der SLM Claudia Bodenschatz Journalistin und Podcast-Host bei der Freien Presse Kevin Meinel Medienp\u00e4dagoge Thomas Beckmann Kameramann &#038; Filmemacher Jugend-Jury Emma, Nele, Cinna, Isabelle &#038; Manu","og_url":"https:\/\/filmab.sachsen.schule\/2023\/jury-team\/","og_site_name":"film ab!","article_modified_time":"2023-11-03T09:49:20+00:00","og_image":[{"url":"https:\/\/filmab.sachsen.schule\/2023\/wp-content\/uploads\/2023\/10\/Christine-Dallmann.png","type":"","width":"","height":""}],"twitter_card":"summary_large_image","twitter_misc":{"Gesch\u00e4tzte Lesezeit":"2\u00a0Minuten"},"schema":{"@context":"https:\/\/schema.org","@graph":[{"@type":"WebPage","@id":"https:\/\/filmab.sachsen.schule\/2023\/jury-team\/","url":"https:\/\/filmab.sachsen.schule\/2023\/jury-team\/","name":"Jury - film ab!","isPartOf":{"@id":"https:\/\/filmab.sachsen.schule\/2023\/#website"},"primaryImageOfPage":{"@id":"https:\/\/filmab.sachsen.schule\/2023\/jury-team\/#primaryimage"},"image":{"@id":"https:\/\/filmab.sachsen.schule\/2023\/jury-team\/#primaryimage"},"thumbnailUrl":"https:\/\/filmab.sachsen.schule\/2023\/wp-content\/uploads\/2023\/10\/Christine-Dallmann.png","datePublished":"2023-08-03T08:48:21+00:00","dateModified":"2023-11-03T09:49:20+00:00","breadcrumb":{"@id":"https:\/\/filmab.sachsen.schule\/2023\/jury-team\/#breadcrumb"},"inLanguage":"de","potentialAction":[{"@type":"ReadAction","target":["https:\/\/filmab.sachsen.schule\/2023\/jury-team\/"]}]},{"@type":"ImageObject","inLanguage":"de","@id":"https:\/\/filmab.sachsen.schule\/2023\/jury-team\/#primaryimage","url":"https:\/\/filmab.sachsen.schule\/2023\/wp-content\/uploads\/2023\/10\/Christine-Dallmann.png","contentUrl":"https:\/\/filmab.sachsen.schule\/2023\/wp-content\/uploads\/2023\/10\/Christine-Dallmann.png","width":1000,"height":1000},{"@type":"BreadcrumbList","@id":"https:\/\/filmab.sachsen.schule\/2023\/jury-team\/#breadcrumb","itemListElement":[{"@type":"ListItem","position":1,"name":"Startseite","item":"https:\/\/filmab.sachsen.schule\/2023\/"},{"@type":"ListItem","position":2,"name":"Jury"}]},{"@type":"WebSite","@id":"https:\/\/filmab.sachsen.schule\/2023\/#website","url":"https:\/\/filmab.sachsen.schule\/2023\/","name":"film ab!","description":"S\u00e4chsisches Festival f\u00fcr Filme von Sch\u00fclerinnen und Sch\u00fcler","publisher":{"@id":"https:\/\/filmab.sachsen.schule\/2023\/#organization"},"potentialAction":[{"@type":"SearchAction","target":{"@type":"EntryPoint","urlTemplate":"https:\/\/filmab.sachsen.schule\/2023\/?s={search_term_string}"},"query-input":{"@type":"PropertyValueSpecification","valueRequired":true,"valueName":"search_term_string"}}],"inLanguage":"de"},{"@type":"Organization","@id":"https:\/\/filmab.sachsen.schule\/2023\/#organization","name":"film ab!","url":"https:\/\/filmab.sachsen.schule\/2023\/","logo":{"@type":"ImageObject","inLanguage":"de","@id":"https:\/\/filmab.sachsen.schule\/2023\/#\/schema\/logo\/image\/","url":"https:\/\/filmab.sachsen.schule\/2023\/wp-content\/uploads\/2022\/09\/film_ab_logo_22.png","contentUrl":"https:\/\/filmab.sachsen.schule\/2023\/wp-content\/uploads\/2022\/09\/film_ab_logo_22.png","width":3000,"height":840,"caption":"film ab!"},"image":{"@id":"https:\/\/filmab.sachsen.schule\/2023\/#\/schema\/logo\/image\/"}}]}},"_links":{"self":[{"href":"https:\/\/filmab.sachsen.schule\/2023\/wp-json\/wp\/v2\/pages\/1300","targetHints":{"allow":["GET"]}}],"collection":[{"href":"https:\/\/filmab.sachsen.schule\/2023\/wp-json\/wp\/v2\/pages"}],"about":[{"href":"https:\/\/filmab.sachsen.schule\/2023\/wp-json\/wp\/v2\/types\/page"}],"author":[{"embeddable":true,"href":"https:\/\/filmab.sachsen.schule\/2023\/wp-json\/wp\/v2\/users\/6"}],"replies":[{"embeddable":true,"href":"https:\/\/filmab.sachsen.schule\/2023\/wp-json\/wp\/v2\/comments?post=1300"}],"version-history":[{"count":85,"href":"https:\/\/filmab.sachsen.schule\/2023\/wp-json\/wp\/v2\/pages\/1300\/revisions"}],"predecessor-version":[{"id":1978,"href":"https:\/\/filmab.sachsen.schule\/2023\/wp-json\/wp\/v2\/pages\/1300\/revisions\/1978"}],"wp:attachment":[{"href":"https:\/\/filmab.sachsen.schule\/2023\/wp-json\/wp\/v2\/media?parent=1300"}],"curies":[{"name":"wp","href":"https:\/\/api.w.org\/{rel}","templated":true}]}}