{"id":684,"date":"2022-09-20T20:08:50","date_gmt":"2022-09-20T20:08:50","guid":{"rendered":"https:\/\/filmab.sachsen.schule\/?page_id=684"},"modified":"2023-08-18T09:18:54","modified_gmt":"2023-08-18T09:18:54","slug":"impressum","status":"publish","type":"page","link":"https:\/\/filmab.sachsen.schule\/2023\/impressum\/","title":{"rendered":"Impressum"},"content":{"rendered":"\t\t<div data-elementor-type=\"wp-page\" data-elementor-id=\"684\" class=\"elementor elementor-684\" data-elementor-post-type=\"page\">\n\t\t\t\t\t\t<section class=\"elementor-section elementor-top-section elementor-element elementor-element-6f52eed elementor-section-boxed elementor-section-height-default elementor-section-height-default\" data-id=\"6f52eed\" data-element_type=\"section\" data-e-type=\"section\">\n\t\t\t\t\t\t<div class=\"elementor-container elementor-column-gap-default\">\n\t\t\t\t\t<div class=\"elementor-column elementor-col-100 elementor-top-column elementor-element elementor-element-20a1702\" data-id=\"20a1702\" data-element_type=\"column\" data-e-type=\"column\">\n\t\t\t<div class=\"elementor-widget-wrap elementor-element-populated\">\n\t\t\t\t\t\t<div class=\"elementor-element elementor-element-fb13523 elementor-widget elementor-widget-heading\" data-id=\"fb13523\" data-element_type=\"widget\" data-e-type=\"widget\" data-widget_type=\"heading.default\">\n\t\t\t\t<div class=\"elementor-widget-container\">\n\t\t\t\t\t<h2 class=\"elementor-heading-title elementor-size-default\">Impressum<\/h2>\t\t\t\t<\/div>\n\t\t\t\t<\/div>\n\t\t\t\t<div class=\"elementor-element elementor-element-7707e50 elementor-widget elementor-widget-text-editor\" data-id=\"7707e50\" data-element_type=\"widget\" data-e-type=\"widget\" data-widget_type=\"text-editor.default\">\n\t\t\t\t<div class=\"elementor-widget-container\">\n\t\t\t\t\t\t\t\t\t<h3 id=\"m46\">Diensteanbieter<\/h3><p>Forum f\u00fcr Kultur und Bildung gemeinn\u00fctzige UG (haftungsbeschr\u00e4nkt)<\/p><p>Sebastian-Bach-Str. 27<\/p><p>04109 Leipzig<\/p><p>Deutschland<\/p><h3>\u00a0<\/h3><h3 id=\"m56\">Kontaktm\u00f6glichkeiten<\/h3><p>E-Mail-Adresse:<\/p><p>info@filmab-festival.de<\/p><p>Telefon:<\/p><p>+49 341 23106874<\/p><h3>\u00a0<\/h3><h3 id=\"m153\">Vertretungsberechtigte Personen<\/h3><p>Vertretungsberechtigt:<\/p><p>Oliver Gibtner-Weidlich, Gesch\u00e4ftsf\u00fchrer<\/p><h3>\u00a0<\/h3><h3 id=\"m58\">Angaben zum Unternehmen<\/h3><p>Umsatzsteuer Identifikationsnummer (USt-ID):<\/p><p>DE325253347<\/p><h3>\u00a0<\/h3><h3 id=\"m151\">Register und Registernummer<\/h3><p>Handelsregister<\/p><p>Gef\u00fchrt bei:<\/p><p>Amtsgericht Leipzig<\/p><p>Nummer:<\/p><p>HRB 36480<\/p><h3>\u00a0<\/h3><h3 id=\"m172\">Social Media und andere Onlinepr\u00e4senzen<\/h3><p>Dieses Impressum gilt auch f\u00fcr die folgenden Social-Media-Pr\u00e4senzen und Onlineprofile:<\/p><p>instagram.com\/filmab_sachsen\/<\/p><h3>\u00a0<\/h3><h3>Technische Umsetzung:<\/h3><p><a href=\"https:\/\/birnbaummedialab.de\" target=\"_blank\" rel=\"noopener\">birnbaum media.lab<\/a><\/p>\t\t\t\t\t\t\t\t<\/div>\n\t\t\t\t<\/div>\n\t\t\t\t\t<\/div>\n\t\t<\/div>\n\t\t\t\t\t<\/div>\n\t\t<\/section>\n\t\t\t\t<\/div>\n\t\t","protected":false},"excerpt":{"rendered":"<p>Diensteanbieter Forum f\u00fcr Kultur und Bildung gemeinn\u00fctzige UG (haftungsbeschr\u00e4nkt) Sebastian-Bach-Str. 27 04109 Leipzig Deutschland \u00a0 Kontaktm\u00f6glichkeiten E-Mail-Adresse: info@filmab-festival.de Telefon: +49 341 23106874 \u00a0 Vertretungsberechtigte Personen Vertretungsberechtigt: Oliver Gibtner-Weidlich, Gesch\u00e4ftsf\u00fchrer \u00a0 Angaben zum Unternehmen Umsatzsteuer Identifikationsnummer (USt-ID): DE325253347 \u00a0 Register und Registernummer Handelsregister Gef\u00fchrt bei: Amtsgericht Leipzig Nummer: HRB 36480 \u00a0 Social Media und andere Onlinepr\u00e4senzen [&hellip;]<\/p>\n","protected":false},"author":2,"featured_media":0,"parent":0,"menu_order":0,"comment_status":"closed","ping_status":"closed","template":"elementor_header_footer","meta":{"footnotes":""},"class_list":["post-684","page","type-page","status-publish","hentry"],"yoast_head":"<!-- This site is optimized with the Yoast SEO plugin v27.5 - https:\/\/yoast.com\/product\/yoast-seo-wordpress\/ -->\n<title>Impressum - film ab!<\/title>\n<meta name=\"robots\" content=\"index, follow, max-snippet:-1, max-image-preview:large, max-video-preview:-1\" \/>\n<link rel=\"canonical\" href=\"https:\/\/filmab.sachsen.schule\/2023\/impressum\/\" \/>\n<meta property=\"og:locale\" content=\"de_DE\" \/>\n<meta property=\"og:type\" content=\"article\" \/>\n<meta property=\"og:title\" content=\"Impressum - film ab!\" \/>\n<meta property=\"og:description\" content=\"Diensteanbieter Forum f\u00fcr Kultur und Bildung gemeinn\u00fctzige UG (haftungsbeschr\u00e4nkt) Sebastian-Bach-Str. 27 04109 Leipzig Deutschland \u00a0 Kontaktm\u00f6glichkeiten E-Mail-Adresse: info@filmab-festival.de Telefon: +49 341 23106874 \u00a0 Vertretungsberechtigte Personen Vertretungsberechtigt: Oliver Gibtner-Weidlich, Gesch\u00e4ftsf\u00fchrer \u00a0 Angaben zum Unternehmen Umsatzsteuer Identifikationsnummer (USt-ID): DE325253347 \u00a0 Register und Registernummer Handelsregister Gef\u00fchrt bei: Amtsgericht Leipzig Nummer: HRB 36480 \u00a0 Social Media und andere Onlinepr\u00e4senzen [&hellip;]\" \/>\n<meta property=\"og:url\" content=\"https:\/\/filmab.sachsen.schule\/2023\/impressum\/\" \/>\n<meta property=\"og:site_name\" content=\"film ab!\" \/>\n<meta property=\"article:modified_time\" content=\"2023-08-18T09:18:54+00:00\" \/>\n<meta name=\"twitter:card\" content=\"summary_large_image\" \/>\n<meta name=\"twitter:label1\" content=\"Gesch\u00e4tzte Lesezeit\" \/>\n\t<meta name=\"twitter:data1\" content=\"1\u00a0Minute\" \/>\n<script type=\"application\/ld+json\" class=\"yoast-schema-graph\">{\"@context\":\"https:\\\/\\\/schema.org\",\"@graph\":[{\"@type\":\"WebPage\",\"@id\":\"https:\\\/\\\/filmab.sachsen.schule\\\/2023\\\/impressum\\\/\",\"url\":\"https:\\\/\\\/filmab.sachsen.schule\\\/2023\\\/impressum\\\/\",\"name\":\"Impressum - film ab!\",\"isPartOf\":{\"@id\":\"https:\\\/\\\/filmab.sachsen.schule\\\/2023\\\/#website\"},\"datePublished\":\"2022-09-20T20:08:50+00:00\",\"dateModified\":\"2023-08-18T09:18:54+00:00\",\"breadcrumb\":{\"@id\":\"https:\\\/\\\/filmab.sachsen.schule\\\/2023\\\/impressum\\\/#breadcrumb\"},\"inLanguage\":\"de\",\"potentialAction\":[{\"@type\":\"ReadAction\",\"target\":[\"https:\\\/\\\/filmab.sachsen.schule\\\/2023\\\/impressum\\\/\"]}]},{\"@type\":\"BreadcrumbList\",\"@id\":\"https:\\\/\\\/filmab.sachsen.schule\\\/2023\\\/impressum\\\/#breadcrumb\",\"itemListElement\":[{\"@type\":\"ListItem\",\"position\":1,\"name\":\"Startseite\",\"item\":\"https:\\\/\\\/filmab.sachsen.schule\\\/2023\\\/\"},{\"@type\":\"ListItem\",\"position\":2,\"name\":\"Impressum\"}]},{\"@type\":\"WebSite\",\"@id\":\"https:\\\/\\\/filmab.sachsen.schule\\\/2023\\\/#website\",\"url\":\"https:\\\/\\\/filmab.sachsen.schule\\\/2023\\\/\",\"name\":\"film ab!\",\"description\":\"S\u00e4chsisches Festival f\u00fcr Filme von Sch\u00fclerinnen und Sch\u00fcler\",\"publisher\":{\"@id\":\"https:\\\/\\\/filmab.sachsen.schule\\\/2023\\\/#organization\"},\"potentialAction\":[{\"@type\":\"SearchAction\",\"target\":{\"@type\":\"EntryPoint\",\"urlTemplate\":\"https:\\\/\\\/filmab.sachsen.schule\\\/2023\\\/?s={search_term_string}\"},\"query-input\":{\"@type\":\"PropertyValueSpecification\",\"valueRequired\":true,\"valueName\":\"search_term_string\"}}],\"inLanguage\":\"de\"},{\"@type\":\"Organization\",\"@id\":\"https:\\\/\\\/filmab.sachsen.schule\\\/2023\\\/#organization\",\"name\":\"film ab!\",\"url\":\"https:\\\/\\\/filmab.sachsen.schule\\\/2023\\\/\",\"logo\":{\"@type\":\"ImageObject\",\"inLanguage\":\"de\",\"@id\":\"https:\\\/\\\/filmab.sachsen.schule\\\/2023\\\/#\\\/schema\\\/logo\\\/image\\\/\",\"url\":\"https:\\\/\\\/filmab.sachsen.schule\\\/2023\\\/wp-content\\\/uploads\\\/2022\\\/09\\\/film_ab_logo_22.png\",\"contentUrl\":\"https:\\\/\\\/filmab.sachsen.schule\\\/2023\\\/wp-content\\\/uploads\\\/2022\\\/09\\\/film_ab_logo_22.png\",\"width\":3000,\"height\":840,\"caption\":\"film ab!\"},\"image\":{\"@id\":\"https:\\\/\\\/filmab.sachsen.schule\\\/2023\\\/#\\\/schema\\\/logo\\\/image\\\/\"}}]}<\/script>\n<!-- \/ Yoast SEO plugin. -->","yoast_head_json":{"title":"Impressum - film ab!","robots":{"index":"index","follow":"follow","max-snippet":"max-snippet:-1","max-image-preview":"max-image-preview:large","max-video-preview":"max-video-preview:-1"},"canonical":"https:\/\/filmab.sachsen.schule\/2023\/impressum\/","og_locale":"de_DE","og_type":"article","og_title":"Impressum - film ab!","og_description":"Diensteanbieter Forum f\u00fcr Kultur und Bildung gemeinn\u00fctzige UG (haftungsbeschr\u00e4nkt) Sebastian-Bach-Str. 27 04109 Leipzig Deutschland \u00a0 Kontaktm\u00f6glichkeiten E-Mail-Adresse: info@filmab-festival.de Telefon: +49 341 23106874 \u00a0 Vertretungsberechtigte Personen Vertretungsberechtigt: Oliver Gibtner-Weidlich, Gesch\u00e4ftsf\u00fchrer \u00a0 Angaben zum Unternehmen Umsatzsteuer Identifikationsnummer (USt-ID): DE325253347 \u00a0 Register und Registernummer Handelsregister Gef\u00fchrt bei: Amtsgericht Leipzig Nummer: HRB 36480 \u00a0 Social Media und andere Onlinepr\u00e4senzen [&hellip;]","og_url":"https:\/\/filmab.sachsen.schule\/2023\/impressum\/","og_site_name":"film ab!","article_modified_time":"2023-08-18T09:18:54+00:00","twitter_card":"summary_large_image","twitter_misc":{"Gesch\u00e4tzte Lesezeit":"1\u00a0Minute"},"schema":{"@context":"https:\/\/schema.org","@graph":[{"@type":"WebPage","@id":"https:\/\/filmab.sachsen.schule\/2023\/impressum\/","url":"https:\/\/filmab.sachsen.schule\/2023\/impressum\/","name":"Impressum - film ab!","isPartOf":{"@id":"https:\/\/filmab.sachsen.schule\/2023\/#website"},"datePublished":"2022-09-20T20:08:50+00:00","dateModified":"2023-08-18T09:18:54+00:00","breadcrumb":{"@id":"https:\/\/filmab.sachsen.schule\/2023\/impressum\/#breadcrumb"},"inLanguage":"de","potentialAction":[{"@type":"ReadAction","target":["https:\/\/filmab.sachsen.schule\/2023\/impressum\/"]}]},{"@type":"BreadcrumbList","@id":"https:\/\/filmab.sachsen.schule\/2023\/impressum\/#breadcrumb","itemListElement":[{"@type":"ListItem","position":1,"name":"Startseite","item":"https:\/\/filmab.sachsen.schule\/2023\/"},{"@type":"ListItem","position":2,"name":"Impressum"}]},{"@type":"WebSite","@id":"https:\/\/filmab.sachsen.schule\/2023\/#website","url":"https:\/\/filmab.sachsen.schule\/2023\/","name":"film ab!","description":"S\u00e4chsisches Festival f\u00fcr Filme von Sch\u00fclerinnen und Sch\u00fcler","publisher":{"@id":"https:\/\/filmab.sachsen.schule\/2023\/#organization"},"potentialAction":[{"@type":"SearchAction","target":{"@type":"EntryPoint","urlTemplate":"https:\/\/filmab.sachsen.schule\/2023\/?s={search_term_string}"},"query-input":{"@type":"PropertyValueSpecification","valueRequired":true,"valueName":"search_term_string"}}],"inLanguage":"de"},{"@type":"Organization","@id":"https:\/\/filmab.sachsen.schule\/2023\/#organization","name":"film ab!","url":"https:\/\/filmab.sachsen.schule\/2023\/","logo":{"@type":"ImageObject","inLanguage":"de","@id":"https:\/\/filmab.sachsen.schule\/2023\/#\/schema\/logo\/image\/","url":"https:\/\/filmab.sachsen.schule\/2023\/wp-content\/uploads\/2022\/09\/film_ab_logo_22.png","contentUrl":"https:\/\/filmab.sachsen.schule\/2023\/wp-content\/uploads\/2022\/09\/film_ab_logo_22.png","width":3000,"height":840,"caption":"film ab!"},"image":{"@id":"https:\/\/filmab.sachsen.schule\/2023\/#\/schema\/logo\/image\/"}}]}},"_links":{"self":[{"href":"https:\/\/filmab.sachsen.schule\/2023\/wp-json\/wp\/v2\/pages\/684","targetHints":{"allow":["GET"]}}],"collection":[{"href":"https:\/\/filmab.sachsen.schule\/2023\/wp-json\/wp\/v2\/pages"}],"about":[{"href":"https:\/\/filmab.sachsen.schule\/2023\/wp-json\/wp\/v2\/types\/page"}],"author":[{"embeddable":true,"href":"https:\/\/filmab.sachsen.schule\/2023\/wp-json\/wp\/v2\/users\/2"}],"replies":[{"embeddable":true,"href":"https:\/\/filmab.sachsen.schule\/2023\/wp-json\/wp\/v2\/comments?post=684"}],"version-history":[{"count":13,"href":"https:\/\/filmab.sachsen.schule\/2023\/wp-json\/wp\/v2\/pages\/684\/revisions"}],"predecessor-version":[{"id":1699,"href":"https:\/\/filmab.sachsen.schule\/2023\/wp-json\/wp\/v2\/pages\/684\/revisions\/1699"}],"wp:attachment":[{"href":"https:\/\/filmab.sachsen.schule\/2023\/wp-json\/wp\/v2\/media?parent=684"}],"curies":[{"name":"wp","href":"https:\/\/api.w.org\/{rel}","templated":true}]}}